

{"id":221,"date":"2024-10-17T15:07:52","date_gmt":"2024-10-17T18:07:52","guid":{"rendered":"https:\/\/paranafazciencia.uvpr.pr.gov.br\/editais\/?page_id=221"},"modified":"2024-11-05T15:38:37","modified_gmt":"2024-11-05T18:38:37","slug":"rede-de-clubes","status":"publish","type":"page","link":"https:\/\/paranafazciencia.uvpr.pr.gov.br\/editais\/rede-de-clubes\/","title":{"rendered":"Rede de Clubes"},"content":{"rendered":"\t\t<div data-elementor-type=\"wp-page\" data-elementor-id=\"221\" class=\"elementor elementor-221\" data-elementor-post-type=\"page\">\n\t\t\t\t\t\t<section class=\"elementor-section elementor-top-section elementor-element elementor-element-4748f39 elementor-section-boxed elementor-section-height-default elementor-section-height-default\" data-id=\"4748f39\" data-element_type=\"section\" data-settings=\"{&quot;background_background&quot;:&quot;classic&quot;}\">\n\t\t\t\t\t\t\t<div class=\"elementor-background-overlay\"><\/div>\n\t\t\t\t\t\t\t<div class=\"elementor-container elementor-column-gap-default\">\n\t\t\t\t\t<div class=\"elementor-column elementor-col-100 elementor-top-column elementor-element elementor-element-17da263\" data-id=\"17da263\" data-element_type=\"column\">\n\t\t\t<div class=\"elementor-widget-wrap elementor-element-populated\">\n\t\t\t\t\t\t<div class=\"elementor-element elementor-element-08cadab elementor-widget elementor-widget-heading\" data-id=\"08cadab\" data-element_type=\"widget\" data-widget_type=\"heading.default\">\n\t\t\t\t<div class=\"elementor-widget-container\">\n\t\t\t\t\t<h2 class=\"elementor-heading-title elementor-size-default\">Editais<\/h2>\t\t\t\t<\/div>\n\t\t\t\t<\/div>\n\t\t\t\t<div class=\"elementor-element elementor-element-9ffebd0 elementor-widget elementor-widget-search\" data-id=\"9ffebd0\" data-element_type=\"widget\" data-settings=\"{&quot;submit_trigger&quot;:&quot;both&quot;,&quot;pagination_type_options&quot;:&quot;none&quot;}\" data-widget_type=\"search.default\">\n\t\t\t\t<div class=\"elementor-widget-container\">\n\t\t\t\t\t\t\t<search class=\"e-search hidden\" role=\"search\">\n\t\t\t<form class=\"e-search-form\" action=\"https:\/\/paranafazciencia.uvpr.pr.gov.br\/editais\" method=\"get\">\n\n\t\t\t\t\n\t\t\t\t<label class=\"e-search-label\" for=\"search-9ffebd0\">\n\t\t\t\t\t<span class=\"elementor-screen-only\">\n\t\t\t\t\t\tSearch\t\t\t\t\t<\/span>\n\t\t\t\t\t\t\t\t\t<\/label>\n\n\t\t\t\t<div class=\"e-search-input-wrapper\">\n\t\t\t\t\t<input id=\"search-9ffebd0\" placeholder=\"Pesquisar edital\" class=\"e-search-input\" type=\"search\" name=\"s\" value=\"\" autocomplete=\"off\" role=\"combobox\" aria-autocomplete=\"list\" aria-expanded=\"false\" aria-controls=\"results-9ffebd0\" aria-haspopup=\"listbox\">\n\t\t\t\t\t<svg aria-hidden=\"true\" class=\"e-font-icon-svg e-fas-times\" viewBox=\"0 0 352 512\" xmlns=\"http:\/\/www.w3.org\/2000\/svg\"><path d=\"M242.72 256l100.07-100.07c12.28-12.28 12.28-32.19 0-44.48l-22.24-22.24c-12.28-12.28-32.19-12.28-44.48 0L176 189.28 75.93 89.21c-12.28-12.28-32.19-12.28-44.48 0L9.21 111.45c-12.28 12.28-12.28 32.19 0 44.48L109.28 256 9.21 356.07c-12.28 12.28-12.28 32.19 0 44.48l22.24 22.24c12.28 12.28 32.2 12.28 44.48 0L176 322.72l100.07 100.07c12.28 12.28 32.2 12.28 44.48 0l22.24-22.24c12.28-12.28 12.28-32.19 0-44.48L242.72 256z\"><\/path><\/svg>\t\t\t\t\t\t\t\t\t\t<output id=\"results-9ffebd0\" class=\"e-search-results-container hide-loader\" aria-live=\"polite\" aria-atomic=\"true\" aria-label=\"Results for search\" tabindex=\"0\">\n\t\t\t\t\t\t<div class=\"e-search-results\"><\/div>\n\t\t\t\t\t\t\t\t\t\t\t<\/output>\n\t\t\t\t\t\t\t\t\t<\/div>\n\t\t\t\t\n\t\t\t\t\n\t\t\t\t<button class=\"e-search-submit  \" type=\"submit\" aria-label=\"Search\">\n\t\t\t\t\t<svg aria-hidden=\"true\" class=\"e-font-icon-svg e-fas-search\" viewBox=\"0 0 512 512\" xmlns=\"http:\/\/www.w3.org\/2000\/svg\"><path d=\"M505 442.7L405.3 343c-4.5-4.5-10.6-7-17-7H372c27.6-35.3 44-79.7 44-128C416 93.1 322.9 0 208 0S0 93.1 0 208s93.1 208 208 208c48.3 0 92.7-16.4 128-44v16.3c0 6.4 2.5 12.5 7 17l99.7 99.7c9.4 9.4 24.6 9.4 33.9 0l28.3-28.3c9.4-9.4 9.4-24.6.1-34zM208 336c-70.7 0-128-57.2-128-128 0-70.7 57.2-128 128-128 70.7 0 128 57.2 128 128 0 70.7-57.2 128-128 128z\"><\/path><\/svg>\n\t\t\t\t\t\t\t\t\t<\/button>\n\t\t\t\t<input type=\"hidden\" name=\"e_search_props\" value=\"9ffebd0-221\">\n\t\t\t<\/form>\n\t\t<\/search>\n\t\t\t\t\t\t<\/div>\n\t\t\t\t<\/div>\n\t\t\t\t\t<\/div>\n\t\t<\/div>\n\t\t\t\t\t<\/div>\n\t\t<\/section>\n\t\t\t\t<section class=\"elementor-section elementor-top-section elementor-element elementor-element-3be23c0 elementor-section-boxed elementor-section-height-default elementor-section-height-default\" data-id=\"3be23c0\" data-element_type=\"section\" data-settings=\"{&quot;background_background&quot;:&quot;classic&quot;}\">\n\t\t\t\t\t\t<div class=\"elementor-container elementor-column-gap-default\">\n\t\t\t\t\t<div class=\"elementor-column elementor-col-50 elementor-top-column elementor-element elementor-element-1c0693b\" data-id=\"1c0693b\" data-element_type=\"column\">\n\t\t\t<div class=\"elementor-widget-wrap elementor-element-populated\">\n\t\t\t\t\t\t<div class=\"elementor-element elementor-element-d55cb9e elementor-widget elementor-widget-image\" data-id=\"d55cb9e\" data-element_type=\"widget\" data-settings=\"{&quot;sticky&quot;:&quot;top&quot;,&quot;sticky_parent&quot;:&quot;yes&quot;,&quot;sticky_on&quot;:[&quot;desktop&quot;,&quot;laptop&quot;,&quot;tablet&quot;,&quot;mobile&quot;],&quot;sticky_offset&quot;:0,&quot;sticky_effects_offset&quot;:0,&quot;sticky_anchor_link_offset&quot;:0}\" data-widget_type=\"image.default\">\n\t\t\t\t<div class=\"elementor-widget-container\">\n\t\t\t\t\t\t\t\t\t\t\t\t\t\t\t<img fetchpriority=\"high\" decoding=\"async\" width=\"400\" height=\"291\" src=\"https:\/\/paranafazciencia.uvpr.pr.gov.br\/editais\/wp-content\/uploads\/2024\/10\/ree-clubes.png\" class=\"attachment-large size-large wp-image-182\" alt=\"\" \/>\t\t\t\t\t\t\t\t\t\t\t\t\t\t\t<\/div>\n\t\t\t\t<\/div>\n\t\t\t\t\t<\/div>\n\t\t<\/div>\n\t\t\t\t<div class=\"elementor-column elementor-col-50 elementor-top-column elementor-element elementor-element-23b2fdd\" data-id=\"23b2fdd\" data-element_type=\"column\">\n\t\t\t<div class=\"elementor-widget-wrap elementor-element-populated\">\n\t\t\t\t\t\t<div class=\"elementor-element elementor-element-53b0299 elementor-widget elementor-widget-heading\" data-id=\"53b0299\" data-element_type=\"widget\" data-widget_type=\"heading.default\">\n\t\t\t\t<div class=\"elementor-widget-container\">\n\t\t\t\t\t<h2 class=\"elementor-heading-title elementor-size-default\"><h1>Editais<\/h1><\/h2>\t\t\t\t<\/div>\n\t\t\t\t<\/div>\n\t\t\t\t<div class=\"elementor-element elementor-element-3ff8059 elementor-widget elementor-widget-shortcode\" data-id=\"3ff8059\" data-element_type=\"widget\" data-widget_type=\"shortcode.default\">\n\t\t\t\t<div class=\"elementor-widget-container\">\n\t\t\t\t\t\t\t<div class=\"elementor-shortcode\">\n            <div class=\"edital\">\n\t\t\t\t<h2><a href=\"https:\/\/paranafazciencia.uvpr.pr.gov.br\/editais\/outros\/curious-minds-clube-de-ciencias-para-criancas-com-altas-habilidades-e-superdotacao\/\">Curious Minds: Clube de Ci\u00eancias para crian\u00e7as com Altas Habilidades e Superdota\u00e7\u00e3o<\/a><\/h2>\n                <div class=\"info\">            \n                                    <\/div>\n                <div class=\"listaeditais\">\n                    <ul class=\"editais\">\n                                                    <li class=\"edital-abertura\">\n                                <a href=\"https:\/\/paranafazciencia.uvpr.pr.gov.br\/editais\/wp-content\/uploads\/2026\/02\/Dados-projeto-curious-minds_EDITAL-COM-REGUA.pdf\" target=\"_blank\">\n                                    <strong>Curious Minds: Clube de Ci\u00eancias para crian\u00e7as com Altas Habilidades e Superdota\u00e7\u00e3o<\/strong><br>\n                                    <span style=\"color:#444\">Publicado em: 20\/02\/2026<\/span>\n                                <\/a>\n                            <\/li>\n                                                \n                                            <\/ul>\n                <\/div>\n            <\/div>\n\n        \n            <div class=\"edital\">\n\t\t\t\t<h2><a href=\"https:\/\/paranafazciencia.uvpr.pr.gov.br\/editais\/outros\/edital-complementar-no-01-2026\/\">EDITAL COMPLEMENTAR n\u00ba 01\/2026<\/a><\/h2>\n                <div class=\"info\">            \n                    <p>A Funda\u00e7\u00e3o Arauc\u00e1ria de Apoio ao Desenvolvimento Cient\u00edfico e Tecnol\u00f3gico do Estado<br \/>\ndo Paran\u00e1, o Novo Arranjo de Pesquisa e Inova\u00e7\u00e3o &#8211; NAPI Paran\u00e1 Faz Ci\u00eancia e a Secretaria de<br \/>\nEstado da Educa\u00e7\u00e3o do Paran\u00e1, no uso das atribui\u00e7\u00f5es que lhes conferem,<\/p>\n                <\/div>\n                <div class=\"listaeditais\">\n                    <ul class=\"editais\">\n                                                    <li class=\"edital-abertura\">\n                                <a href=\"https:\/\/paranafazciencia.uvpr.pr.gov.br\/editais\/wp-content\/uploads\/2026\/02\/Edital_01_2026_Clubes_complementar_escola-parceira.pdf\" target=\"_blank\">\n                                    <strong>EDITAL COMPLEMENTAR n\u00ba 01\/2026<\/strong><br>\n                                    <span style=\"color:#444\">Publicado em: 20\/02\/2026<\/span>\n                                <\/a>\n                            <\/li>\n                                                \n                                            <\/ul>\n                <\/div>\n            <\/div>\n\n        \n            <div class=\"edital\">\n\t\t\t\t<h2><a href=\"https:\/\/paranafazciencia.uvpr.pr.gov.br\/editais\/bolsistas\/edital-fauepg-no-46-2025-divulgacao-do-resultado-preliminar-do-edital-fauepg-no-24-2025-da-selecao-de-bolsistas-graduandos-para-o-projeto-napi-parana-faz-ciencia-clubes-de-ciencias\/\">EDITAL FAUEPG N\u00ba 46\/2025 DIVULGA\u00c7\u00c3O DO RESULTADO PRELIMINAR DO EDITAL FAUEPG N\u00ba 24\/2025 DA SELE\u00c7\u00c3O DE BOLSISTAS GRADUANDOS PARA O PROJETO NAPI PARAN\u00c1 FAZ CI\u00caNCIA &#8211; CLUBES DE CI\u00caNCIAS<\/a><\/h2>\n                <div class=\"info\">            \n                    <p>O RESULTADO PRELIMINAR da sele\u00e7\u00e3o de bolsas de est\u00edmulo \u00e0 inova\u00e7\u00e3o para GRADUANDOS junto ao projeto NAPI<br \/>\n\u2013 Paran\u00e1 Faz Ci\u00eancia, em parceria da UEPG, SETI, FAUEPG, FUNPAR, FUNTEF, FUNESPAR, FAUEL,<br \/>\nUNICENTRO, UNIOESTE e UENP e Funda\u00e7\u00e3o Arauc\u00e1ria.<\/p>\n                <\/div>\n                <div class=\"listaeditais\">\n                    <ul class=\"editais\">\n                                                    <li class=\"edital-abertura\">\n                                <a href=\"https:\/\/paranafazciencia.uvpr.pr.gov.br\/editais\/wp-content\/uploads\/2025\/03\/EDITAL-FAUEPG-No-46-2025-RESULTADO-PRELIMINAR-DA-SELECAO-BOLSISTAS-IC-e-PIBEX-PROJETO-NAPI-228-2024.pdf\" target=\"_blank\">\n                                    <strong>EDITAL FAUEPG N\u00ba 46\/2025 DIVULGA\u00c7\u00c3O DO RESULTADO PRELIMINAR DO EDITAL FAUEPG N\u00ba 24\/2025 DA SELE\u00c7\u00c3O DE BOLSISTAS GRADUANDOS PARA O PROJETO NAPI PARAN\u00c1 FAZ CI\u00caNCIA &#8211; CLUBES DE CI\u00caNCIAS<\/strong><br>\n                                    <span style=\"color:#444\">Publicado em: 17\/03\/2025<\/span>\n                                <\/a>\n                            <\/li>\n                                                \n                         \n                                <li class=\"edital-interno\">\n                                    <a href=\"https:\/\/paranafazciencia.uvpr.pr.gov.br\/editais\/wp-content\/uploads\/2025\/03\/EDITAL-FAUEPG-No-61-2025-RESULTADO-FINAL-DA-SELECAO-BOLSISTAS-IC-e-PIBEX-PROJETO-NAPI-228-2024.pdf\" target=\"_blank\" title=\"Ver EDITAL FAUEPG N\u00ba 61\/2025 DIVULGA\u00c7\u00c3O DO RESULTADO FINAL DO EDITAL FAUEPG N\u00ba 24\/2025 DA SELE\u00c7\u00c3O DE BOLSISTAS GRADUANDOS PARA O PROJETO NAPI PARAN\u00c1 FAZ CI\u00caNCIA - CLUBES DE CI\u00caNCIAS \">\n                                        <strong>EDITAL FAUEPG N\u00ba 61\/2025 DIVULGA\u00c7\u00c3O DO RESULTADO FINAL DO EDITAL FAUEPG N\u00ba 24\/2025 DA SELE\u00c7\u00c3O DE BOLSISTAS GRADUANDOS PARA O PROJETO NAPI PARAN\u00c1 FAZ CI\u00caNCIA - CLUBES DE CI\u00caNCIAS <\/strong><br>\n                                        <span style=\"color:#444\">Publicado em: 09\/04\/2025<\/span>\n                                    <\/a>\n                                <\/li>\n                                                <\/ul>\n                <\/div>\n            <\/div>\n\n        \n            <div class=\"edital\">\n\t\t\t\t<h2><a href=\"https:\/\/paranafazciencia.uvpr.pr.gov.br\/editais\/outros\/edital-no-01-2025-chamada-complementar-de-projetos-da-rede-de-clubes-parana-faz-ciencia-classificados-por-merito\/\">EDITAL n\u00ba 01\/2025 CHAMADA COMPLEMENTAR DE PROJETOS DA REDE DE CLUBES PARAN\u00c1 FAZ CI\u00caNCIA CLASSIFICADOS POR M\u00c9RITO<\/a><\/h2>\n                <div class=\"info\">            \n                    <p>A Funda\u00e7\u00e3o Arauc\u00e1ria de Apoio ao Desenvolvimento Cient\u00edfico e Tecnol\u00f3gico do Estado do Paran\u00e1 (FA) e o Novo Arranjo de Pesquisa e Inova\u00e7\u00e3o &#8211; NAPI Paran\u00e1 Faz Ci\u00eancia, no uso das atribui\u00e7\u00f5es que lhes conferem,<\/p>\n                <\/div>\n                <div class=\"listaeditais\">\n                    <ul class=\"editais\">\n                                                    <li class=\"edital-abertura\">\n                                <a href=\"https:\/\/paranafazciencia.uvpr.pr.gov.br\/editais\/wp-content\/uploads\/2025\/03\/Edital_01_2025_Clubes_chamamento.pdf\" target=\"_blank\">\n                                    <strong>EDITAL n\u00ba 01\/2025 CHAMADA COMPLEMENTAR DE PROJETOS DA REDE DE CLUBES PARAN\u00c1 FAZ CI\u00caNCIA CLASSIFICADOS POR M\u00c9RITO<\/strong><br>\n                                    <span style=\"color:#444\">Publicado em: 06\/03\/2025<\/span>\n                                <\/a>\n                            <\/li>\n                                                \n                                            <\/ul>\n                <\/div>\n            <\/div>\n\n        \n            <div class=\"edital\">\n\t\t\t\t<h2><a href=\"https:\/\/paranafazciencia.uvpr.pr.gov.br\/editais\/bolsistas\/edital-01-selecao-de-bolsistas-de-iniciacao-cientifica-ic-2\/\">Edital 01 &#8211; Sele\u00e7\u00e3o de bolsistas de Inicia\u00e7\u00e3o Cient\u00edfica (IC)<\/a><\/h2>\n                <div class=\"info\">            \n                    <p>Projeto: Caminhos na ci\u00eancia: O protagonismo de mulheres na produ\u00e7\u00e3o do<br \/>\nconhecimento, na divulga\u00e7\u00e3o cient\u00edfica e no fomento \u00e0s carreiras STEM<\/p>\n                <\/div>\n                <div class=\"listaeditais\">\n                    <ul class=\"editais\">\n                                                    <li class=\"edital-abertura\">\n                                <a href=\"https:\/\/paranafazciencia.uvpr.pr.gov.br\/editais\/wp-content\/uploads\/2025\/03\/Edital-de-selecao-IC-1.pdf\" target=\"_blank\">\n                                    <strong>Edital 01 &#8211; Sele\u00e7\u00e3o de bolsistas de Inicia\u00e7\u00e3o Cient\u00edfica (IC)<\/strong><br>\n                                    <span style=\"color:#444\">Publicado em: 06\/03\/2025<\/span>\n                                <\/a>\n                            <\/li>\n                                                \n                                            <\/ul>\n                <\/div>\n            <\/div>\n\n        \n            <div class=\"edital\">\n\t\t\t\t<h2><a href=\"https:\/\/paranafazciencia.uvpr.pr.gov.br\/editais\/outros\/edital-01-2024-clubes-de-ciencias-parana-faz-ciencia\/\">Edital 01\/2024 Clubes de Ci\u00eancias \u2013 Paran\u00e1 faz Ci\u00eancia<\/a><\/h2>\n                <div class=\"info\">            \n                    <p>Sele\u00e7\u00e3o de Projetos de Clube de Ci\u00eancias em institui\u00e7\u00f5es de ensino vinculadas \u00e0 SEED PR, para participarem da Rede de Clubes Paran\u00e1 Faz Ci\u00eancia.<\/p>\n<p>Preencher a tabela a seguir com um X para cada item e envi\u00e1-la junto com os certificados no formul\u00e1rio de inscri\u00e7\u00e3o.<\/p>\n                <\/div>\n                <div class=\"listaeditais\">\n                    <ul class=\"editais\">\n                                                    <li class=\"edital-abertura\">\n                                <a href=\"https:\/\/paranafazciencia.uvpr.pr.gov.br\/editais\/wp-content\/uploads\/2024\/10\/Edital_01_2024_Clubes_Parana_Faz_Ciencia1.pdf\" target=\"_blank\">\n                                    <strong>Edital 01\/2024 Clubes de Ci\u00eancias \u2013 Paran\u00e1 faz Ci\u00eancia<\/strong><br>\n                                    <span style=\"color:#444\">Publicado em: 04\/07\/2024<\/span>\n                                <\/a>\n                            <\/li>\n                                                \n                         \n                                <li class=\"edital-interno\">\n                                    <a href=\"https:\/\/paranafazciencia.uvpr.pr.gov.br\/editais\/wp-content\/uploads\/2024\/07\/Errata_Edital_01_2024_Clubes_Parana_Faz_Ciencia-11.pdf\" target=\"_blank\" title=\"Ver ERRATA EDITAL n\u00ba 01\/2024 ANEXO VI \u2013 EDITAL n\u00ba 01\/2024 PONTUA\u00c7\u00c3O DOS CRIT\u00c9RIOS AUTODECLARA\u00c7\u00c3O DO CURR\u00cdCULO\">\n                                        <strong>ERRATA EDITAL n\u00ba 01\/2024 ANEXO VI \u2013 EDITAL n\u00ba 01\/2024 PONTUA\u00c7\u00c3O DOS CRIT\u00c9RIOS AUTODECLARA\u00c7\u00c3O DO CURR\u00cdCULO<\/strong><br>\n                                        <span style=\"color:#444\">Publicado em: 01\/08\/2024<\/span>\n                                    <\/a>\n                                <\/li>\n                             \n                                <li class=\"edital-interno\">\n                                    <a href=\"https:\/\/paranafazciencia.uvpr.pr.gov.br\/editais\/wp-content\/uploads\/2024\/07\/Edital_03_2024_Resultado1.pdf\" target=\"_blank\" title=\"Ver EDITAL n\u00ba 03\/2024 RESULTADO DA SELE\u00c7\u00c3O DE PROJETOS DE CLUBES DE CI\u00caNCIA\">\n                                        <strong>EDITAL n\u00ba 03\/2024 RESULTADO DA SELE\u00c7\u00c3O DE PROJETOS DE CLUBES DE CI\u00caNCIA<\/strong><br>\n                                        <span style=\"color:#444\">Publicado em: 20\/08\/2024<\/span>\n                                    <\/a>\n                                <\/li>\n                             \n                                <li class=\"edital-interno\">\n                                    <a href=\"https:\/\/paranafazciencia.uvpr.pr.gov.br\/editais\/wp-content\/uploads\/2024\/07\/Edital-03_Resultado_Retificacao1.pdf\" target=\"_blank\" title=\"Ver EDITAL n\u00ba 03\/2024 RESULTADO DA SELE\u00c7\u00c3O DE PROJETOS DE CLUBES DE CI\u00caNCIA RETIFICA\u00c7\u00c3O\">\n                                        <strong>EDITAL n\u00ba 03\/2024 RESULTADO DA SELE\u00c7\u00c3O DE PROJETOS DE CLUBES DE CI\u00caNCIA RETIFICA\u00c7\u00c3O<\/strong><br>\n                                        <span style=\"color:#444\">Publicado em: 21\/08\/2024<\/span>\n                                    <\/a>\n                                <\/li>\n                             \n                                <li class=\"edital-interno\">\n                                    <a href=\"https:\/\/paranafazciencia.uvpr.pr.gov.br\/editais\/wp-content\/uploads\/2024\/07\/Edital-04_Recursos_Retificacao1.pdf\" target=\"_blank\" title=\"Ver EDITAL n\u00ba 04\/2024 RETIFICA\u00c7\u00c3O AO EDITAL n\u00ba 01\/2024: CRONOGRAMA DO RESULTADO P\u00d3S-RECURSOS\">\n                                        <strong>EDITAL n\u00ba 04\/2024 RETIFICA\u00c7\u00c3O AO EDITAL n\u00ba 01\/2024: CRONOGRAMA DO RESULTADO P\u00d3S-RECURSOS<\/strong><br>\n                                        <span style=\"color:#444\">Publicado em: 23\/08\/2024<\/span>\n                                    <\/a>\n                                <\/li>\n                             \n                                <li class=\"edital-interno\">\n                                    <a href=\"https:\/\/paranafazciencia.uvpr.pr.gov.br\/editais\/wp-content\/uploads\/2024\/07\/Edital-05_Resultado-Final-Pos-Recursos1.pdf\" target=\"_blank\" title=\"Ver EDITAL n\u00ba 05\/2024 RESULTADO DEFINITIVO DA SELE\u00c7\u00c3O DE PROJETOS DE CLUBES DE CI\u00caNCIA P\u00d3S-RECURSOS\">\n                                        <strong>EDITAL n\u00ba 05\/2024 RESULTADO DEFINITIVO DA SELE\u00c7\u00c3O DE PROJETOS DE CLUBES DE CI\u00caNCIA P\u00d3S-RECURSOS<\/strong><br>\n                                        <span style=\"color:#444\">Publicado em: 26\/08\/2024<\/span>\n                                    <\/a>\n                                <\/li>\n                             \n                                <li class=\"edital-interno\">\n                                    <a href=\"https:\/\/paranafazciencia.uvpr.pr.gov.br\/editais\/wp-content\/uploads\/2024\/07\/Edital_06_20241.pdf\" target=\"_blank\" title=\"Ver EDITAL n\u00ba 06\/2024 CHAMADA COMPLEMENTAR DE PROJETOS DA REDE DE CLUBES PARAN\u00c1\">\n                                        <strong>EDITAL n\u00ba 06\/2024 CHAMADA COMPLEMENTAR DE PROJETOS DA REDE DE CLUBES PARAN\u00c1<\/strong><br>\n                                        <span style=\"color:#444\">Publicado em: 10\/09\/2024<\/span>\n                                    <\/a>\n                                <\/li>\n                                                <\/ul>\n                <\/div>\n            <\/div>\n\n        <\/div>\n\t\t\t\t\t\t<\/div>\n\t\t\t\t<\/div>\n\t\t\t\t\t<\/div>\n\t\t<\/div>\n\t\t\t\t\t<\/div>\n\t\t<\/section>\n\t\t\t\t<\/div>\n\t\t","protected":false},"excerpt":{"rendered":"<p>Editais &nbsp; Search<\/p>\n","protected":false},"author":1,"featured_media":0,"parent":0,"menu_order":2,"comment_status":"closed","ping_status":"closed","template":"","meta":{"_acf_changed":false,"footnotes":""},"class_list":["post-221","page","type-page","status-publish","hentry"],"acf":[],"_links":{"self":[{"href":"https:\/\/paranafazciencia.uvpr.pr.gov.br\/editais\/wp-json\/wp\/v2\/pages\/221","targetHints":{"allow":["GET"]}}],"collection":[{"href":"https:\/\/paranafazciencia.uvpr.pr.gov.br\/editais\/wp-json\/wp\/v2\/pages"}],"about":[{"href":"https:\/\/paranafazciencia.uvpr.pr.gov.br\/editais\/wp-json\/wp\/v2\/types\/page"}],"author":[{"embeddable":true,"href":"https:\/\/paranafazciencia.uvpr.pr.gov.br\/editais\/wp-json\/wp\/v2\/users\/1"}],"replies":[{"embeddable":true,"href":"https:\/\/paranafazciencia.uvpr.pr.gov.br\/editais\/wp-json\/wp\/v2\/comments?post=221"}],"version-history":[{"count":0,"href":"https:\/\/paranafazciencia.uvpr.pr.gov.br\/editais\/wp-json\/wp\/v2\/pages\/221\/revisions"}],"wp:attachment":[{"href":"https:\/\/paranafazciencia.uvpr.pr.gov.br\/editais\/wp-json\/wp\/v2\/media?parent=221"}],"curies":[{"name":"wp","href":"https:\/\/api.w.org\/{rel}","templated":true}]}}