

{"id":422,"date":"2024-11-05T13:18:29","date_gmt":"2024-11-05T16:18:29","guid":{"rendered":"https:\/\/paranafazciencia.uvpr.pr.gov.br\/editais\/?page_id=422"},"modified":"2024-11-05T15:38:32","modified_gmt":"2024-11-05T18:38:32","slug":"uenp","status":"publish","type":"page","link":"https:\/\/paranafazciencia.uvpr.pr.gov.br\/editais\/uenp\/","title":{"rendered":"UENP"},"content":{"rendered":"\t\t<div data-elementor-type=\"wp-page\" data-elementor-id=\"422\" class=\"elementor elementor-422\" data-elementor-post-type=\"page\">\n\t\t\t\t\t\t<section class=\"elementor-section elementor-top-section elementor-element elementor-element-b241f8c elementor-section-boxed elementor-section-height-default elementor-section-height-default\" data-id=\"b241f8c\" data-element_type=\"section\" data-settings=\"{&quot;background_background&quot;:&quot;classic&quot;}\">\n\t\t\t\t\t\t\t<div class=\"elementor-background-overlay\"><\/div>\n\t\t\t\t\t\t\t<div class=\"elementor-container elementor-column-gap-default\">\n\t\t\t\t\t<div class=\"elementor-column elementor-col-100 elementor-top-column elementor-element elementor-element-1b696d99\" data-id=\"1b696d99\" data-element_type=\"column\">\n\t\t\t<div class=\"elementor-widget-wrap elementor-element-populated\">\n\t\t\t\t\t\t<div class=\"elementor-element elementor-element-79fa01fc elementor-widget elementor-widget-heading\" data-id=\"79fa01fc\" data-element_type=\"widget\" data-widget_type=\"heading.default\">\n\t\t\t\t<div class=\"elementor-widget-container\">\n\t\t\t\t\t<h2 class=\"elementor-heading-title elementor-size-default\">Editais<\/h2>\t\t\t\t<\/div>\n\t\t\t\t<\/div>\n\t\t\t\t<div class=\"elementor-element elementor-element-356f28d elementor-widget elementor-widget-search\" data-id=\"356f28d\" data-element_type=\"widget\" data-settings=\"{&quot;submit_trigger&quot;:&quot;both&quot;,&quot;pagination_type_options&quot;:&quot;none&quot;}\" data-widget_type=\"search.default\">\n\t\t\t\t<div class=\"elementor-widget-container\">\n\t\t\t\t\t\t\t<search class=\"e-search hidden\" role=\"search\">\n\t\t\t<form class=\"e-search-form\" action=\"https:\/\/paranafazciencia.uvpr.pr.gov.br\/editais\" method=\"get\">\n\n\t\t\t\t\n\t\t\t\t<label class=\"e-search-label\" for=\"search-356f28d\">\n\t\t\t\t\t<span class=\"elementor-screen-only\">\n\t\t\t\t\t\tSearch\t\t\t\t\t<\/span>\n\t\t\t\t\t\t\t\t\t<\/label>\n\n\t\t\t\t<div class=\"e-search-input-wrapper\">\n\t\t\t\t\t<input id=\"search-356f28d\" placeholder=\"Pesquisar edital\" class=\"e-search-input\" type=\"search\" name=\"s\" value=\"\" autocomplete=\"off\" role=\"combobox\" aria-autocomplete=\"list\" aria-expanded=\"false\" aria-controls=\"results-356f28d\" aria-haspopup=\"listbox\">\n\t\t\t\t\t<svg aria-hidden=\"true\" class=\"e-font-icon-svg e-fas-times\" viewBox=\"0 0 352 512\" xmlns=\"http:\/\/www.w3.org\/2000\/svg\"><path d=\"M242.72 256l100.07-100.07c12.28-12.28 12.28-32.19 0-44.48l-22.24-22.24c-12.28-12.28-32.19-12.28-44.48 0L176 189.28 75.93 89.21c-12.28-12.28-32.19-12.28-44.48 0L9.21 111.45c-12.28 12.28-12.28 32.19 0 44.48L109.28 256 9.21 356.07c-12.28 12.28-12.28 32.19 0 44.48l22.24 22.24c12.28 12.28 32.2 12.28 44.48 0L176 322.72l100.07 100.07c12.28 12.28 32.2 12.28 44.48 0l22.24-22.24c12.28-12.28 12.28-32.19 0-44.48L242.72 256z\"><\/path><\/svg>\t\t\t\t\t\t\t\t\t\t<output id=\"results-356f28d\" class=\"e-search-results-container hide-loader\" aria-live=\"polite\" aria-atomic=\"true\" aria-label=\"Results for search\" tabindex=\"0\">\n\t\t\t\t\t\t<div class=\"e-search-results\"><\/div>\n\t\t\t\t\t\t\t\t\t\t\t<\/output>\n\t\t\t\t\t\t\t\t\t<\/div>\n\t\t\t\t\n\t\t\t\t\n\t\t\t\t<button class=\"e-search-submit  \" type=\"submit\" aria-label=\"Search\">\n\t\t\t\t\t<svg aria-hidden=\"true\" class=\"e-font-icon-svg e-fas-search\" viewBox=\"0 0 512 512\" xmlns=\"http:\/\/www.w3.org\/2000\/svg\"><path d=\"M505 442.7L405.3 343c-4.5-4.5-10.6-7-17-7H372c27.6-35.3 44-79.7 44-128C416 93.1 322.9 0 208 0S0 93.1 0 208s93.1 208 208 208c48.3 0 92.7-16.4 128-44v16.3c0 6.4 2.5 12.5 7 17l99.7 99.7c9.4 9.4 24.6 9.4 33.9 0l28.3-28.3c9.4-9.4 9.4-24.6.1-34zM208 336c-70.7 0-128-57.2-128-128 0-70.7 57.2-128 128-128 70.7 0 128 57.2 128 128 0 70.7-57.2 128-128 128z\"><\/path><\/svg>\n\t\t\t\t\t\t\t\t\t<\/button>\n\t\t\t\t<input type=\"hidden\" name=\"e_search_props\" value=\"356f28d-422\">\n\t\t\t<\/form>\n\t\t<\/search>\n\t\t\t\t\t\t<\/div>\n\t\t\t\t<\/div>\n\t\t\t\t\t<\/div>\n\t\t<\/div>\n\t\t\t\t\t<\/div>\n\t\t<\/section>\n\t\t\t\t<section class=\"elementor-section elementor-top-section elementor-element elementor-element-26079ce8 elementor-section-boxed elementor-section-height-default elementor-section-height-default\" data-id=\"26079ce8\" data-element_type=\"section\" data-settings=\"{&quot;background_background&quot;:&quot;classic&quot;}\">\n\t\t\t\t\t\t<div class=\"elementor-container elementor-column-gap-default\">\n\t\t\t\t\t<div class=\"elementor-column elementor-col-50 elementor-top-column elementor-element elementor-element-12c3fc3f\" data-id=\"12c3fc3f\" data-element_type=\"column\">\n\t\t\t<div class=\"elementor-widget-wrap elementor-element-populated\">\n\t\t\t\t\t\t<div class=\"elementor-element elementor-element-4c6ce49a elementor-widget elementor-widget-image\" data-id=\"4c6ce49a\" data-element_type=\"widget\" data-settings=\"{&quot;sticky&quot;:&quot;top&quot;,&quot;sticky_parent&quot;:&quot;yes&quot;,&quot;sticky_on&quot;:[&quot;desktop&quot;,&quot;laptop&quot;,&quot;tablet&quot;,&quot;mobile&quot;],&quot;sticky_offset&quot;:0,&quot;sticky_effects_offset&quot;:0,&quot;sticky_anchor_link_offset&quot;:0}\" data-widget_type=\"image.default\">\n\t\t\t\t<div class=\"elementor-widget-container\">\n\t\t\t\t\t\t\t\t\t\t\t\t\t\t\t<img fetchpriority=\"high\" decoding=\"async\" width=\"400\" height=\"291\" src=\"https:\/\/paranafazciencia.uvpr.pr.gov.br\/editais\/wp-content\/uploads\/2024\/10\/logo-uenp.png\" class=\"attachment-large size-large wp-image-177\" alt=\"\" \/>\t\t\t\t\t\t\t\t\t\t\t\t\t\t\t<\/div>\n\t\t\t\t<\/div>\n\t\t\t\t\t<\/div>\n\t\t<\/div>\n\t\t\t\t<div class=\"elementor-column elementor-col-50 elementor-top-column elementor-element elementor-element-64595d21\" data-id=\"64595d21\" data-element_type=\"column\">\n\t\t\t<div class=\"elementor-widget-wrap elementor-element-populated\">\n\t\t\t\t\t\t<div class=\"elementor-element elementor-element-1dfc0bdd elementor-widget elementor-widget-heading\" data-id=\"1dfc0bdd\" data-element_type=\"widget\" data-widget_type=\"heading.default\">\n\t\t\t\t<div class=\"elementor-widget-container\">\n\t\t\t\t\t<h2 class=\"elementor-heading-title elementor-size-default\"><h1>Editais<\/h1><\/h2>\t\t\t\t<\/div>\n\t\t\t\t<\/div>\n\t\t\t\t<div class=\"elementor-element elementor-element-5b0bac34 elementor-widget elementor-widget-shortcode\" data-id=\"5b0bac34\" data-element_type=\"widget\" data-widget_type=\"shortcode.default\">\n\t\t\t\t<div class=\"elementor-widget-container\">\n\t\t\t\t\t\t\t<div class=\"elementor-shortcode\">\n            <div class=\"edital\">\n\t\t\t\t<h2><a href=\"https:\/\/paranafazciencia.uvpr.pr.gov.br\/editais\/bolsistas\/edital-03-2024-rede-parana-faz-ciencia-clubes-de-ciencias-uenp-selecao-de-bolsista-bolsa-tecnico-nivel-superior-btns\/\">EDITAL 03\/2024 REDE PARAN\u00c1 FAZ CI\u00caNCIA \u2013 CLUBES DE CI\u00caNCIAS\/UENP SELE\u00c7\u00c3O DE BOLSISTA &#8211; BOLSA T\u00c9CNICO N\u00cdVEL SUPERIOR \u2013 BTNS<\/a><\/h2>\n                <div class=\"info\">            \n                    <p>PROJETO: Rede de Clubes Paran\u00e1 Faz Ci\u00eancia<\/p>\n                <\/div>\n                <div class=\"listaeditais\">\n                    <ul class=\"editais\">\n                                                    <li class=\"edital-abertura\">\n                                <a href=\"https:\/\/paranafazciencia.uvpr.pr.gov.br\/editais\/wp-content\/uploads\/2024\/11\/Edital-BTNS-Comunicacao-UENP.pdf\" target=\"_blank\">\n                                    <strong>EDITAL 03\/2024 REDE PARAN\u00c1 FAZ CI\u00caNCIA \u2013 CLUBES DE CI\u00caNCIAS\/UENP SELE\u00c7\u00c3O DE BOLSISTA &#8211; BOLSA T\u00c9CNICO N\u00cdVEL SUPERIOR \u2013 BTNS<\/strong><br>\n                                    <span style=\"color:#444\">Publicado em: 05\/11\/2024<\/span>\n                                <\/a>\n                            <\/li>\n                                                \n                         \n                                <li class=\"edital-interno\">\n                                    <a href=\"https:\/\/paranafazciencia.uvpr.pr.gov.br\/editais\/wp-content\/uploads\/2024\/11\/Anexo-I-Formulario-de-Inscricao-1-1.docx\" target=\"_blank\" title=\"Ver ANEXO I   Formul\u00e1rio de Inscri\u00e7\u00e3o \u2013 Bolsa de T\u00e9cnico N\u00edvel Superior \u2013 Comunica\u00e7\u00e3o\">\n                                        <strong>ANEXO I   Formul\u00e1rio de Inscri\u00e7\u00e3o \u2013 Bolsa de T\u00e9cnico N\u00edvel Superior \u2013 Comunica\u00e7\u00e3o<\/strong><br>\n                                        <span style=\"color:#444\">Publicado em: 05\/11\/2024<\/span>\n                                    <\/a>\n                                <\/li>\n                             \n                                <li class=\"edital-interno\">\n                                    <a href=\"https:\/\/paranafazciencia.uvpr.pr.gov.br\/editais\/wp-content\/uploads\/2024\/11\/Anexo-II-Ficha-de-Pontuacao-Comunicacao.docx\" target=\"_blank\" title=\"Ver ANEXO II  Ficha de Pontua\u00e7\u00e3o do Curr\u00edculo Lattes Bolsa de T\u00e9cnico N\u00edvel Superior \u2013 Comunica\u00e7\u00e3o\">\n                                        <strong>ANEXO II  Ficha de Pontua\u00e7\u00e3o do Curr\u00edculo Lattes Bolsa de T\u00e9cnico N\u00edvel Superior \u2013 Comunica\u00e7\u00e3o<\/strong><br>\n                                        <span style=\"color:#444\">Publicado em: 05\/11\/2024<\/span>\n                                    <\/a>\n                                <\/li>\n                             \n                                <li class=\"edital-interno\">\n                                    <a href=\"https:\/\/paranafazciencia.uvpr.pr.gov.br\/editais\/wp-content\/uploads\/2024\/11\/Edital-06-2024-BTNS-homologacao-inscricoes-e-cronograma-ent-1.pdf\" target=\"_blank\" title=\"Ver EDITAL 06\/2024 REDE PARAN\u00c1 FAZ CI\u00caNCIA \u2013 CLUBES DE CI\u00caNCIAS\/UENP Homologa\u00e7\u00e3o de inscri\u00e7\u00f5es e cronograma de entrevistas referentes ao Edital 03\/2024 Rede Paran\u00e1 Faz Ci\u00eancia \u2013 Clubes de Ci\u00eancias \">\n                                        <strong>EDITAL 06\/2024 REDE PARAN\u00c1 FAZ CI\u00caNCIA \u2013 CLUBES DE CI\u00caNCIAS\/UENP Homologa\u00e7\u00e3o de inscri\u00e7\u00f5es e cronograma de entrevistas referentes ao Edital 03\/2024 Rede Paran\u00e1 Faz Ci\u00eancia \u2013 Clubes de Ci\u00eancias <\/strong><br>\n                                        <span style=\"color:#444\">Publicado em: 26\/11\/2024<\/span>\n                                    <\/a>\n                                <\/li>\n                             \n                                <li class=\"edital-interno\">\n                                    <a href=\"https:\/\/paranafazciencia.uvpr.pr.gov.br\/editais\/wp-content\/uploads\/2024\/11\/Edital-08-2024-BTNScomunciacao-Resultado.pdf\" target=\"_blank\" title=\"Ver EDITAL 08\/2024 REDE PARAN\u00c1 FAZ CI\u00caNCIA \u2013 CLUBES DE CI\u00caNCIAS\/UENP Resultado da sele\u00e7\u00e3o de bolsista referente ao Edital 03\/2024 Rede Paran\u00e1 Faz Ci\u00eancia \u2013 Clubes de Ci\u00eancias \">\n                                        <strong>EDITAL 08\/2024 REDE PARAN\u00c1 FAZ CI\u00caNCIA \u2013 CLUBES DE CI\u00caNCIAS\/UENP Resultado da sele\u00e7\u00e3o de bolsista referente ao Edital 03\/2024 Rede Paran\u00e1 Faz Ci\u00eancia \u2013 Clubes de Ci\u00eancias <\/strong><br>\n                                        <span style=\"color:#444\">Publicado em: 26\/11\/2024<\/span>\n                                    <\/a>\n                                <\/li>\n                                                <\/ul>\n                <\/div>\n            <\/div>\n\n        \n            <div class=\"edital\">\n\t\t\t\t<h2><a href=\"https:\/\/paranafazciencia.uvpr.pr.gov.br\/editais\/bolsistas\/edital-02-2024-rede-parana-faz-ciencia-clubes-de-ciencias-uenp-selecao-de-bolsista-bolsa-tecnico-nivel-superior-btns\/\">EDITAL 02\/2024 REDE PARAN\u00c1 FAZ CI\u00caNCIA \u2013 CLUBES DE CI\u00caNCIAS\/UENP SELE\u00c7\u00c3O DE BOLSISTA \u2013 BOLSA T\u00c9CNICO N\u00cdVEL SUPERIOR \u2013 BTNS<\/a><\/h2>\n                <div class=\"info\">            \n                    <p>PROJETO: Rede de Clubes Paran\u00e1 Faz Ci\u00eancia<\/p>\n                <\/div>\n                <div class=\"listaeditais\">\n                    <ul class=\"editais\">\n                                                    <li class=\"edital-abertura\">\n                                <a href=\"https:\/\/paranafazciencia.uvpr.pr.gov.br\/editais\/wp-content\/uploads\/2024\/11\/Edital-02-2024-BTNS-Pedagogico-e-Administrativo-Clubes-de-Ciencias.pdf\" target=\"_blank\">\n                                    <strong>EDITAL 02\/2024 REDE PARAN\u00c1 FAZ CI\u00caNCIA \u2013 CLUBES DE CI\u00caNCIAS\/UENP SELE\u00c7\u00c3O DE BOLSISTA \u2013 BOLSA T\u00c9CNICO N\u00cdVEL SUPERIOR \u2013 BTNS<\/strong><br>\n                                    <span style=\"color:#444\">Publicado em: 05\/11\/2024<\/span>\n                                <\/a>\n                            <\/li>\n                                                \n                         \n                                <li class=\"edital-interno\">\n                                    <a href=\"https:\/\/paranafazciencia.uvpr.pr.gov.br\/editais\/wp-content\/uploads\/2024\/11\/Anexo-I-Formulario-de-Inscricao.docx\" target=\"_blank\" title=\"Ver ANEXO I  Edital 02\/2024 \u2013 Rede Paran\u00e1 Faz Ci\u00eancia \u2013 Clubes de Ci\u00eancias\/UENP  Formul\u00e1rio de Inscri\u00e7\u00e3o Bolsa T\u00e9cnico N\u00edvel Superior \u2013 BTNS\">\n                                        <strong>ANEXO I  Edital 02\/2024 \u2013 Rede Paran\u00e1 Faz Ci\u00eancia \u2013 Clubes de Ci\u00eancias\/UENP  Formul\u00e1rio de Inscri\u00e7\u00e3o Bolsa T\u00e9cnico N\u00edvel Superior \u2013 BTNS<\/strong><br>\n                                        <span style=\"color:#444\">Publicado em: 05\/11\/2024<\/span>\n                                    <\/a>\n                                <\/li>\n                             \n                                <li class=\"edital-interno\">\n                                    <a href=\"https:\/\/paranafazciencia.uvpr.pr.gov.br\/editais\/wp-content\/uploads\/2024\/11\/Anexo-II-Ficha-de-Pontuacao-Pedagogico.docx\" target=\"_blank\" title=\"Ver ANEXO II  Bolsa de T\u00e9cnico N\u00edvel Superior \u2013 Gest\u00e3o Pedag\u00f3gica  Edital 02\/2024 \u2013 Rede Paran\u00e1 Faz Ci\u00eancia \u2013 Clubes de Ci\u00eancias\/UENP  Ficha de Pontua\u00e7\u00e3o do Curr\u00edculo Lattes\">\n                                        <strong>ANEXO II  Bolsa de T\u00e9cnico N\u00edvel Superior \u2013 Gest\u00e3o Pedag\u00f3gica  Edital 02\/2024 \u2013 Rede Paran\u00e1 Faz Ci\u00eancia \u2013 Clubes de Ci\u00eancias\/UENP  Ficha de Pontua\u00e7\u00e3o do Curr\u00edculo Lattes<\/strong><br>\n                                        <span style=\"color:#444\">Publicado em: 05\/11\/2024<\/span>\n                                    <\/a>\n                                <\/li>\n                             \n                                <li class=\"edital-interno\">\n                                    <a href=\"https:\/\/paranafazciencia.uvpr.pr.gov.br\/editais\/wp-content\/uploads\/2024\/11\/Anexo-III-Ficha-de-Pontuacao-Administrativo.docx\" target=\"_blank\" title=\"Ver ANEXO III  Bolsa de T\u00e9cnico N\u00edvel Superior \u2013 Gest\u00e3o Administrativa   Edital 02\/2024 \u2013 Rede Paran\u00e1 Faz Ci\u00eancia \u2013 Clubes de Ci\u00eancias\/UENP   Ficha de Pontua\u00e7\u00e3o do Curr\u00edculo Lattes\">\n                                        <strong>ANEXO III  Bolsa de T\u00e9cnico N\u00edvel Superior \u2013 Gest\u00e3o Administrativa   Edital 02\/2024 \u2013 Rede Paran\u00e1 Faz Ci\u00eancia \u2013 Clubes de Ci\u00eancias\/UENP   Ficha de Pontua\u00e7\u00e3o do Curr\u00edculo Lattes<\/strong><br>\n                                        <span style=\"color:#444\">Publicado em: 05\/11\/2024<\/span>\n                                    <\/a>\n                                <\/li>\n                             \n                                <li class=\"edital-interno\">\n                                    <a href=\"https:\/\/paranafazciencia.uvpr.pr.gov.br\/editais\/wp-content\/uploads\/2024\/11\/Edital-05-2024-BTNS-homologacao-inscricoes-e-cronograma-ent.pdf\" target=\"_blank\" title=\"Ver EDITAL 05\/2024 REDE PARAN\u00c1 FAZ CI\u00caNCIA \u2013 CLUBES DE CI\u00caNCIAS\/UENP Homologa\u00e7\u00e3o de inscri\u00e7\u00f5es e cronograma de entrevistas referentes ao Edital 02\/2024 Rede Paran\u00e1 Faz Ci\u00eancia \u2013 Clubes de Ci\u00eancias \">\n                                        <strong>EDITAL 05\/2024 REDE PARAN\u00c1 FAZ CI\u00caNCIA \u2013 CLUBES DE CI\u00caNCIAS\/UENP Homologa\u00e7\u00e3o de inscri\u00e7\u00f5es e cronograma de entrevistas referentes ao Edital 02\/2024 Rede Paran\u00e1 Faz Ci\u00eancia \u2013 Clubes de Ci\u00eancias <\/strong><br>\n                                        <span style=\"color:#444\">Publicado em: 26\/11\/2024<\/span>\n                                    <\/a>\n                                <\/li>\n                             \n                                <li class=\"edital-interno\">\n                                    <a href=\"https:\/\/paranafazciencia.uvpr.pr.gov.br\/editais\/wp-content\/uploads\/2024\/11\/Edital-09-2024-BTNS-Ped-e-Adm-Resultado.pdf\" target=\"_blank\" title=\"Ver EDITAL 09\/2024 REDE PARAN\u00c1 FAZ CI\u00caNCIA \u2013 CLUBES DE CI\u00caNCIAS\/UENP Resultado da sele\u00e7\u00e3o de bolsistas referente ao Edital 02\/2024 Rede Paran\u00e1 Faz Ci\u00eancia \u2013 Clubes de Ci\u00eancias \u2013 Bolsas de T\u00e9cnico N\u00edvel Superior \u2013 Gest\u00e3o Pedag\u00f3gica e Gest\u00e3o Administrativa\">\n                                        <strong>EDITAL 09\/2024 REDE PARAN\u00c1 FAZ CI\u00caNCIA \u2013 CLUBES DE CI\u00caNCIAS\/UENP Resultado da sele\u00e7\u00e3o de bolsistas referente ao Edital 02\/2024 Rede Paran\u00e1 Faz Ci\u00eancia \u2013 Clubes de Ci\u00eancias \u2013 Bolsas de T\u00e9cnico N\u00edvel Superior \u2013 Gest\u00e3o Pedag\u00f3gica e Gest\u00e3o Administrativa<\/strong><br>\n                                        <span style=\"color:#444\">Publicado em: 26\/11\/2024<\/span>\n                                    <\/a>\n                                <\/li>\n                                                <\/ul>\n                <\/div>\n            <\/div>\n\n        \n            <div class=\"edital\">\n\t\t\t\t<h2><a href=\"https:\/\/paranafazciencia.uvpr.pr.gov.br\/editais\/bolsistas\/edital-01-2024-rede-parana-faz-ciencia-clubes-deciencias-uenp-selecao-de-bolsista-bolsa-desenvolvimento-tecnologiconivel-2-dtn2\/\">EDITAL 01\/2024 REDE PARAN\u00c1 FAZ CI\u00caNCIA \u2013 CLUBES DECI\u00caNCIAS\/UENP SELE\u00c7\u00c3O DE BOLSISTA &#8211; BOLSA DESENVOLVIMENTO TECNOL\u00d3GICON\u00cdVEL 2 \u2013 DTN2<\/a><\/h2>\n                <div class=\"info\">            \n                    <p>PROJETO: Rede de Clubes Paran\u00e1 Faz Ci\u00eancia<\/p>\n                <\/div>\n                <div class=\"listaeditais\">\n                    <ul class=\"editais\">\n                                                    <li class=\"edital-abertura\">\n                                <a href=\"https:\/\/paranafazciencia.uvpr.pr.gov.br\/editais\/wp-content\/uploads\/2024\/11\/Edital-01-2024-DTN2-UENP-Rede-Parana-Faz-Ciencia.pdf\" target=\"_blank\">\n                                    <strong>EDITAL 01\/2024 REDE PARAN\u00c1 FAZ CI\u00caNCIA \u2013 CLUBES DECI\u00caNCIAS\/UENP SELE\u00c7\u00c3O DE BOLSISTA &#8211; BOLSA DESENVOLVIMENTO TECNOL\u00d3GICON\u00cdVEL 2 \u2013 DTN2<\/strong><br>\n                                    <span style=\"color:#444\">Publicado em: 05\/11\/2024<\/span>\n                                <\/a>\n                            <\/li>\n                                                \n                         \n                                <li class=\"edital-interno\">\n                                    <a href=\"https:\/\/paranafazciencia.uvpr.pr.gov.br\/editais\/wp-content\/uploads\/2024\/11\/Anexo-I-Formulario-de-Inscricao-1.docx\" target=\"_blank\" title=\"Ver ANEXO I  SELE\u00c7\u00c3O DE BOLSISTA - BOLSA DESENVOLVIMENTO TECNOL\u00d3GICO N\u00cdVEL 2  EDITAL 01\/2024 REDE PARAN\u00c1 FAZ CI\u00caNCIA \u2013 CLUBES DE CI\u00caNCIAS\/UENP  FORMUL\u00c1RIO DE INSCRI\u00c7\u00c3O\">\n                                        <strong>ANEXO I  SELE\u00c7\u00c3O DE BOLSISTA - BOLSA DESENVOLVIMENTO TECNOL\u00d3GICO N\u00cdVEL 2  EDITAL 01\/2024 REDE PARAN\u00c1 FAZ CI\u00caNCIA \u2013 CLUBES DE CI\u00caNCIAS\/UENP  FORMUL\u00c1RIO DE INSCRI\u00c7\u00c3O<\/strong><br>\n                                        <span style=\"color:#444\">Publicado em: 05\/11\/2024<\/span>\n                                    <\/a>\n                                <\/li>\n                             \n                                <li class=\"edital-interno\">\n                                    <a href=\"https:\/\/paranafazciencia.uvpr.pr.gov.br\/editais\/wp-content\/uploads\/2024\/11\/Anexo-II-Ficha-de-Pontuacao.docx\" target=\"_blank\" title=\"Ver ANEXO II   SELE\u00c7\u00c3O DE BOLSISTA - BOLSA DESENVOLVIMENTO TECNOL\u00d3GICO N\u00cdVEL 2  EDITAL 01\/2024 REDE PARAN\u00c1 FAZ CI\u00caNCIA \u2013 CLUBES DE CI\u00caNCIAS\/UENP   FICHA DE PONTUA\u00c7\u00c3O DO CURR\u00cdCULO LATTES\">\n                                        <strong>ANEXO II   SELE\u00c7\u00c3O DE BOLSISTA - BOLSA DESENVOLVIMENTO TECNOL\u00d3GICO N\u00cdVEL 2  EDITAL 01\/2024 REDE PARAN\u00c1 FAZ CI\u00caNCIA \u2013 CLUBES DE CI\u00caNCIAS\/UENP   FICHA DE PONTUA\u00c7\u00c3O DO CURR\u00cdCULO LATTES<\/strong><br>\n                                        <span style=\"color:#444\">Publicado em: 05\/11\/2024<\/span>\n                                    <\/a>\n                                <\/li>\n                             \n                                <li class=\"edital-interno\">\n                                    <a href=\"https:\/\/paranafazciencia.uvpr.pr.gov.br\/editais\/wp-content\/uploads\/2024\/11\/Edital-04-2024-DTN2-homologacao-inscricoes.pdf\" target=\"_blank\" title=\"Ver EDITAL 04\/2024 REDE PARAN\u00c1 FAZ CI\u00caNCIA \u2013 CLUBES DE CI\u00caNCIAS\/UENP Homologa\u00e7\u00e3o de inscri\u00e7\u00f5es referentes ao Edital 01\/2024 Rede Paran\u00e1 Faz Ci\u00eancia \u2013 Clubes de Ci\u00eancias \">\n                                        <strong>EDITAL 04\/2024 REDE PARAN\u00c1 FAZ CI\u00caNCIA \u2013 CLUBES DE CI\u00caNCIAS\/UENP Homologa\u00e7\u00e3o de inscri\u00e7\u00f5es referentes ao Edital 01\/2024 Rede Paran\u00e1 Faz Ci\u00eancia \u2013 Clubes de Ci\u00eancias <\/strong><br>\n                                        <span style=\"color:#444\">Publicado em: 26\/11\/2024<\/span>\n                                    <\/a>\n                                <\/li>\n                             \n                                <li class=\"edital-interno\">\n                                    <a href=\"https:\/\/paranafazciencia.uvpr.pr.gov.br\/editais\/wp-content\/uploads\/2024\/11\/Edital-07-2024-DTN2-Resultado.pdf\" target=\"_blank\" title=\"Ver EDITAL 07\/2024 REDE PARAN\u00c1 FAZ CI\u00caNCIA \u2013 CLUBES DE CI\u00caNCIAS\/UENP Resultado da Sele\u00e7\u00e3o de bolsistas referente ao Edital 01\/2024 Rede Paran\u00e1 Faz Ci\u00eancia \u2013 Clubes de Ci\u00eancias \u2013 Bolsas de Desenvolvimento Tecnol\u00f3gico \u2013 N\u00edvel 2\">\n                                        <strong>EDITAL 07\/2024 REDE PARAN\u00c1 FAZ CI\u00caNCIA \u2013 CLUBES DE CI\u00caNCIAS\/UENP Resultado da Sele\u00e7\u00e3o de bolsistas referente ao Edital 01\/2024 Rede Paran\u00e1 Faz Ci\u00eancia \u2013 Clubes de Ci\u00eancias \u2013 Bolsas de Desenvolvimento Tecnol\u00f3gico \u2013 N\u00edvel 2<\/strong><br>\n                                        <span style=\"color:#444\">Publicado em: 26\/11\/2024<\/span>\n                                    <\/a>\n                                <\/li>\n                                                <\/ul>\n                <\/div>\n            <\/div>\n\n        <\/div>\n\t\t\t\t\t\t<\/div>\n\t\t\t\t<\/div>\n\t\t\t\t\t<\/div>\n\t\t<\/div>\n\t\t\t\t\t<\/div>\n\t\t<\/section>\n\t\t\t\t<\/div>\n\t\t","protected":false},"excerpt":{"rendered":"<p>Editais &nbsp; Search<\/p>\n","protected":false},"author":1,"featured_media":0,"parent":0,"menu_order":0,"comment_status":"closed","ping_status":"closed","template":"","meta":{"_acf_changed":false,"footnotes":""},"class_list":["post-422","page","type-page","status-publish","hentry"],"acf":[],"_links":{"self":[{"href":"https:\/\/paranafazciencia.uvpr.pr.gov.br\/editais\/wp-json\/wp\/v2\/pages\/422","targetHints":{"allow":["GET"]}}],"collection":[{"href":"https:\/\/paranafazciencia.uvpr.pr.gov.br\/editais\/wp-json\/wp\/v2\/pages"}],"about":[{"href":"https:\/\/paranafazciencia.uvpr.pr.gov.br\/editais\/wp-json\/wp\/v2\/types\/page"}],"author":[{"embeddable":true,"href":"https:\/\/paranafazciencia.uvpr.pr.gov.br\/editais\/wp-json\/wp\/v2\/users\/1"}],"replies":[{"embeddable":true,"href":"https:\/\/paranafazciencia.uvpr.pr.gov.br\/editais\/wp-json\/wp\/v2\/comments?post=422"}],"version-history":[{"count":0,"href":"https:\/\/paranafazciencia.uvpr.pr.gov.br\/editais\/wp-json\/wp\/v2\/pages\/422\/revisions"}],"wp:attachment":[{"href":"https:\/\/paranafazciencia.uvpr.pr.gov.br\/editais\/wp-json\/wp\/v2\/media?parent=422"}],"curies":[{"name":"wp","href":"https:\/\/api.w.org\/{rel}","templated":true}]}}