
{"id":2,"date":"2025-01-13T09:45:15","date_gmt":"2025-01-13T12:45:15","guid":{"rendered":"https:\/\/paranafazciencia.uvpr.pr.gov.br\/turismocientifico\/?page_id=2"},"modified":"2025-02-26T15:37:08","modified_gmt":"2025-02-26T18:37:08","slug":"home","status":"publish","type":"page","link":"https:\/\/paranafazciencia.uvpr.pr.gov.br\/turismocientifico\/","title":{"rendered":"Home"},"content":{"rendered":"\t\t<div data-elementor-type=\"wp-page\" data-elementor-id=\"2\" class=\"elementor elementor-2\" data-elementor-post-type=\"page\">\n\t\t\t\t\t\t<section class=\"elementor-section elementor-top-section elementor-element elementor-element-f53211a elementor-section-boxed elementor-section-height-default elementor-section-height-default\" data-id=\"f53211a\" data-element_type=\"section\" data-settings=\"{&quot;background_background&quot;:&quot;classic&quot;}\">\n\t\t\t\t\t\t\t<div class=\"elementor-background-overlay\"><\/div>\n\t\t\t\t\t\t\t<div class=\"elementor-container elementor-column-gap-default\">\n\t\t\t\t\t<div class=\"elementor-column elementor-col-100 elementor-top-column elementor-element elementor-element-b5b9903\" data-id=\"b5b9903\" data-element_type=\"column\">\n\t\t\t<div class=\"elementor-widget-wrap elementor-element-populated\">\n\t\t\t\t\t\t<div class=\"elementor-element elementor-element-467f1a0 elementor-widget elementor-widget-heading\" data-id=\"467f1a0\" data-element_type=\"widget\" data-widget_type=\"heading.default\">\n\t\t\t\t<div class=\"elementor-widget-container\">\n\t\t\t\t\t<h2 class=\"elementor-heading-title elementor-size-default\">Turismo Cient\u00edfico<\/h2>\t\t\t\t<\/div>\n\t\t\t\t<\/div>\n\t\t\t\t\t<\/div>\n\t\t<\/div>\n\t\t\t\t\t<\/div>\n\t\t<\/section>\n\t\t\t\t<section class=\"elementor-section elementor-top-section elementor-element elementor-element-b6aad4d elementor-section-boxed elementor-section-height-default elementor-section-height-default\" data-id=\"b6aad4d\" data-element_type=\"section\">\n\t\t\t\t\t\t<div class=\"elementor-container elementor-column-gap-default\">\n\t\t\t\t\t<div class=\"elementor-column elementor-col-20 elementor-top-column elementor-element elementor-element-7f4656c\" data-id=\"7f4656c\" data-element_type=\"column\">\n\t\t\t<div class=\"elementor-widget-wrap elementor-element-populated\">\n\t\t\t\t\t\t<div class=\"elementor-element elementor-element-b9ddbe6 elementor-view-stacked elementor-shape-circle elementor-position-top elementor-mobile-position-top elementor-widget elementor-widget-icon-box\" data-id=\"b9ddbe6\" data-element_type=\"widget\" data-widget_type=\"icon-box.default\">\n\t\t\t\t<div class=\"elementor-widget-container\">\n\t\t\t\t\t\t\t<div class=\"elementor-icon-box-wrapper\">\n\n\t\t\t\t\t\t<div class=\"elementor-icon-box-icon\">\n\t\t\t\t<a href=\"https:\/\/paranafazciencia.uvpr.pr.gov.br\/turismocientifico\/museus\/\" class=\"elementor-icon\" tabindex=\"-1\" aria-label=\"Museus e &lt;br&gt;Centros de Ci\u00eancias\">\n\t\t\t\t<svg xmlns=\"http:\/\/www.w3.org\/2000\/svg\" width=\"24\" height=\"24\" viewBox=\"0 0 24 24\"><path fill=\"none\" stroke=\"currentColor\" d=\"M19.5 10.5V19m-10-8.5V19m-5-8.5V19m10-8.5V19M2 21h20M0 23.5h24m-.5-15.75v.75H.5v-.75C5 6 9.186 3.577 11.438.875L11.75.5h.5l.312.375C14.814 3.577 19 6 23.5 7.75Z\"><\/path><\/svg>\t\t\t\t<\/a>\n\t\t\t<\/div>\n\t\t\t\n\t\t\t\t\t\t<div class=\"elementor-icon-box-content\">\n\n\t\t\t\t\t\t\t\t\t<h3 class=\"elementor-icon-box-title\">\n\t\t\t\t\t\t<a href=\"https:\/\/paranafazciencia.uvpr.pr.gov.br\/turismocientifico\/museus\/\" >\n\t\t\t\t\t\t\tMuseus e <br>Centros de Ci\u00eancias\t\t\t\t\t\t<\/a>\n\t\t\t\t\t<\/h3>\n\t\t\t\t\n\t\t\t\t\n\t\t\t<\/div>\n\t\t\t\n\t\t<\/div>\n\t\t\t\t\t\t<\/div>\n\t\t\t\t<\/div>\n\t\t\t\t\t<\/div>\n\t\t<\/div>\n\t\t\t\t<div class=\"elementor-column elementor-col-20 elementor-top-column elementor-element elementor-element-c89c7cc\" data-id=\"c89c7cc\" data-element_type=\"column\">\n\t\t\t<div class=\"elementor-widget-wrap elementor-element-populated\">\n\t\t\t\t\t\t<div class=\"elementor-element elementor-element-fbb10ca elementor-view-stacked elementor-shape-circle elementor-position-top elementor-mobile-position-top elementor-widget elementor-widget-icon-box\" data-id=\"fbb10ca\" data-element_type=\"widget\" data-widget_type=\"icon-box.default\">\n\t\t\t\t<div class=\"elementor-widget-container\">\n\t\t\t\t\t\t\t<div class=\"elementor-icon-box-wrapper\">\n\n\t\t\t\t\t\t<div class=\"elementor-icon-box-icon\">\n\t\t\t\t<a href=\"https:\/\/paranafazciencia.uvpr.pr.gov.br\/turismocientifico\/jardins-herbarios\/\" class=\"elementor-icon\" tabindex=\"-1\" aria-label=\"Jardins Bot\u00e2nicos &lt;br&gt;e Herb\u00e1rios\">\n\t\t\t\t<svg xmlns=\"http:\/\/www.w3.org\/2000\/svg\" width=\"256\" height=\"256\" viewBox=\"0 0 256 256\"><path fill=\"currentColor\" d=\"M243.63 48.12a4 4 0 0 0-3.76-3.75c-50.25-3-90.44 12.1-107.52 40.29c-11.64 19.22-11.17 41.92 1.24 64.21a67.33 67.33 0 0 0-16.65 34.41l-23.49-23.49c8.63-16 8.81-32.33.42-46.19C81.45 93.09 52.35 82.13 16 84.26A4 4 0 0 0 12.26 88c-2.13 36.33 8.83 65.43 29.34 77.85a41.8 41.8 0 0 0 21.88 6.18a51.3 51.3 0 0 0 24.31-6.6L116 193.67V224a4 4 0 0 0 8 0v-29.49a59.57 59.57 0 0 1 15.29-40c11.49 6.36 23.07 9.56 34.24 9.56a57 57 0 0 0 29.81-8.41c28.18-17.09 43.25-57.28 40.29-107.54M45.74 159C28.47 148.56 19 123.69 20.08 92.08c31.61-1.09 56.48 8.39 67 25.66c6.48 10.71 6.59 23.37.46 36.09l-28.72-28.66a4 4 0 0 0-5.65 5.65l28.67 28.67c-12.73 6.13-25.39 6.02-36.1-.49m153.45-10.2c-16.05 9.72-35.09 9.59-54.08-.25l57.72-57.73a4 4 0 0 0-5.65-5.66l-57.73 57.73c-9.84-19-10-38-.25-54.08c15.11-25 51.08-38.53 96.63-36.64c1.9 45.55-11.68 81.52-36.64 96.63\"><\/path><\/svg>\t\t\t\t<\/a>\n\t\t\t<\/div>\n\t\t\t\n\t\t\t\t\t\t<div class=\"elementor-icon-box-content\">\n\n\t\t\t\t\t\t\t\t\t<h3 class=\"elementor-icon-box-title\">\n\t\t\t\t\t\t<a href=\"https:\/\/paranafazciencia.uvpr.pr.gov.br\/turismocientifico\/jardins-herbarios\/\" >\n\t\t\t\t\t\t\tJardins Bot\u00e2nicos <br>e Herb\u00e1rios\t\t\t\t\t\t<\/a>\n\t\t\t\t\t<\/h3>\n\t\t\t\t\n\t\t\t\t\n\t\t\t<\/div>\n\t\t\t\n\t\t<\/div>\n\t\t\t\t\t\t<\/div>\n\t\t\t\t<\/div>\n\t\t\t\t\t<\/div>\n\t\t<\/div>\n\t\t\t\t<div class=\"elementor-column elementor-col-20 elementor-top-column elementor-element elementor-element-99ffc76\" data-id=\"99ffc76\" data-element_type=\"column\">\n\t\t\t<div class=\"elementor-widget-wrap elementor-element-populated\">\n\t\t\t\t\t\t<div class=\"elementor-element elementor-element-5d3ad90 elementor-view-stacked elementor-shape-circle elementor-position-top elementor-mobile-position-top elementor-widget elementor-widget-icon-box\" data-id=\"5d3ad90\" data-element_type=\"widget\" data-widget_type=\"icon-box.default\">\n\t\t\t\t<div class=\"elementor-widget-container\">\n\t\t\t\t\t\t\t<div class=\"elementor-icon-box-wrapper\">\n\n\t\t\t\t\t\t<div class=\"elementor-icon-box-icon\">\n\t\t\t\t<a href=\"https:\/\/paranafazciencia.uvpr.pr.gov.br\/turismocientifico\/bosques-parques\/\" class=\"elementor-icon\" tabindex=\"-1\" aria-label=\"Bosques, Parques &lt;br&gt;e Reservas\">\n\t\t\t\t<svg xmlns=\"http:\/\/www.w3.org\/2000\/svg\" width=\"256\" height=\"256\" viewBox=\"0 0 256 256\"><path fill=\"currentColor\" d=\"M232 196h-36v-32h28a4 4 0 0 0 3.88-5l-32-128a4 4 0 0 0-7.76 0l-32 128a4 4 0 0 0 3.88 5h28v32h-72v-24h12a4 4 0 0 0 0-8h-12v-24h12a4 4 0 0 0 0-8H40a4 4 0 0 0 0 8h12v24H40a4 4 0 0 0 0 8h12v24H24a4 4 0 0 0 0 8h208a4 4 0 0 0 0-8M192 48.49L218.88 156h-53.76ZM60 140h48v24H60Zm0 32h48v24H60Zm56-80a24 24 0 1 0-24-24a24 24 0 0 0 24 24m0-40a16 16 0 1 1-16 16a16 16 0 0 1 16-16\"><\/path><\/svg>\t\t\t\t<\/a>\n\t\t\t<\/div>\n\t\t\t\n\t\t\t\t\t\t<div class=\"elementor-icon-box-content\">\n\n\t\t\t\t\t\t\t\t\t<h3 class=\"elementor-icon-box-title\">\n\t\t\t\t\t\t<a href=\"https:\/\/paranafazciencia.uvpr.pr.gov.br\/turismocientifico\/bosques-parques\/\" >\n\t\t\t\t\t\t\tBosques, Parques <br>e Reservas\t\t\t\t\t\t<\/a>\n\t\t\t\t\t<\/h3>\n\t\t\t\t\n\t\t\t\t\n\t\t\t<\/div>\n\t\t\t\n\t\t<\/div>\n\t\t\t\t\t\t<\/div>\n\t\t\t\t<\/div>\n\t\t\t\t\t<\/div>\n\t\t<\/div>\n\t\t\t\t<div class=\"elementor-column elementor-col-20 elementor-top-column elementor-element elementor-element-45807fa\" data-id=\"45807fa\" data-element_type=\"column\">\n\t\t\t<div class=\"elementor-widget-wrap elementor-element-populated\">\n\t\t\t\t\t\t<div class=\"elementor-element elementor-element-035e6a6 elementor-view-stacked elementor-shape-circle elementor-position-top elementor-mobile-position-top elementor-widget elementor-widget-icon-box\" data-id=\"035e6a6\" data-element_type=\"widget\" data-widget_type=\"icon-box.default\">\n\t\t\t\t<div class=\"elementor-widget-container\">\n\t\t\t\t\t\t\t<div class=\"elementor-icon-box-wrapper\">\n\n\t\t\t\t\t\t<div class=\"elementor-icon-box-icon\">\n\t\t\t\t<a href=\"https:\/\/paranafazciencia.uvpr.pr.gov.br\/turismocientifico\/planetarios\/\" class=\"elementor-icon\" tabindex=\"-1\" aria-label=\"Planet\u00e1rios\">\n\t\t\t\t<svg xmlns=\"http:\/\/www.w3.org\/2000\/svg\" width=\"24\" height=\"24\" viewBox=\"0 0 24 24\"><path fill=\"currentColor\" d=\"M11.228 10.333q.445 0 .75-.308q.305-.307.305-.753q0-.445-.308-.75q-.307-.305-.753-.305q-.445 0-.75.308q-.305.307-.305.753q0 .445.308.75q.307.305.753.305m9.264 10.917q-.723 0-2.392-.933t-3.579-2.336q-.59.26-1.231.39q-.642.129-1.315.129q-2.715 0-4.595-1.88T5.5 12.025q0-.673.133-1.327q.132-.654.392-1.244q-1.379-1.89-2.286-3.528t-.906-2.342q0-.328.182-.533q.183-.205.468-.205q.419 0 1.61.585q1.191.584 2.728 1.525q-.263.136-.488.286q-.226.15-.439.323q-.763-.448-1.492-.83q-.729-.383-1.46-.724q.546 1.181 1.193 2.293q.648 1.111 1.396 2.198q.873-1.35 2.29-2.164q1.418-.813 3.154-.813q2.716 0 4.608 1.892t1.892 4.608q0 1.737-.816 3.164q-.817 1.427-2.167 2.3q1.106.767 2.24 1.427q1.134.659 2.334 1.219q-.335-.725-.72-1.454q-.387-.729-.835-1.492q.19-.211.343-.447q.152-.236.287-.486q.938 1.546 1.514 2.73t.576 1.603q0 .302-.204.481t-.535.18m-6.768-6.494q.31 0 .521-.21q.21-.21.21-.52t-.21-.521q-.209-.21-.52-.21t-.52.21q-.21.209-.21.52t.21.52q.209.21.52.21m1.266-3.326q.29 0 .483-.19t.193-.48t-.19-.483t-.48-.193t-.482.19q-.194.189-.194.48q0 .29.19.482q.19.194.48.194m-1.502 5.757q-1.93-1.465-3.575-3.13q-1.647-1.666-3.106-3.595q-.154.404-.231.78q-.077.374-.077.817q.012 1.084.444 2.095q.433 1.01 1.179 1.747q.746.736 1.725 1.16t2.064.434q.384 0 .788-.077t.789-.23m1.094-.353q1.296-.701 2.094-1.984t.798-2.85q0-2.283-1.609-3.88t-3.891-1.595q-1.567 0-2.837.789q-1.27.788-1.972 2.084q1.559 2.13 3.423 3.994t3.994 3.443m-2.27-5.168\"><\/path><\/svg>\t\t\t\t<\/a>\n\t\t\t<\/div>\n\t\t\t\n\t\t\t\t\t\t<div class=\"elementor-icon-box-content\">\n\n\t\t\t\t\t\t\t\t\t<h3 class=\"elementor-icon-box-title\">\n\t\t\t\t\t\t<a href=\"https:\/\/paranafazciencia.uvpr.pr.gov.br\/turismocientifico\/planetarios\/\" >\n\t\t\t\t\t\t\tPlanet\u00e1rios\t\t\t\t\t\t<\/a>\n\t\t\t\t\t<\/h3>\n\t\t\t\t\n\t\t\t\t\n\t\t\t<\/div>\n\t\t\t\n\t\t<\/div>\n\t\t\t\t\t\t<\/div>\n\t\t\t\t<\/div>\n\t\t\t\t\t<\/div>\n\t\t<\/div>\n\t\t\t\t<div class=\"elementor-column elementor-col-20 elementor-top-column elementor-element elementor-element-08fb353\" data-id=\"08fb353\" data-element_type=\"column\">\n\t\t\t<div class=\"elementor-widget-wrap elementor-element-populated\">\n\t\t\t\t\t\t<div class=\"elementor-element elementor-element-1041071 elementor-view-stacked elementor-shape-circle elementor-position-top elementor-mobile-position-top elementor-widget elementor-widget-icon-box\" data-id=\"1041071\" data-element_type=\"widget\" data-widget_type=\"icon-box.default\">\n\t\t\t\t<div class=\"elementor-widget-container\">\n\t\t\t\t\t\t\t<div class=\"elementor-icon-box-wrapper\">\n\n\t\t\t\t\t\t<div class=\"elementor-icon-box-icon\">\n\t\t\t\t<a href=\"https:\/\/paranafazciencia.uvpr.pr.gov.br\/turismocientifico\/zoologicos-e-aquarios\/\" class=\"elementor-icon\" tabindex=\"-1\" aria-label=\"Zool\u00f3gicos &lt;br&gt;e Aqu\u00e1rios\">\n\t\t\t\t<svg xmlns=\"http:\/\/www.w3.org\/2000\/svg\" width=\"24\" height=\"24\" viewBox=\"0 0 24 24\"><path fill=\"none\" stroke=\"currentColor\" d=\"M6 3h-.5a5 5 0 0 0-5 5v13h3l1.072-2.679a3.693 3.693 0 0 1 6.857 0L12.5 21h3v-6.5a1.5 1.5 0 1 1 3 0v4A2.5 2.5 0 0 0 21 21h2.5v-3h-2V8a5 5 0 0 0-5-5h-8v6a2.5 2.5 0 0 0 2.5 2.5h.5l.867-2.603A2.775 2.775 0 0 1 15 7m3.5 2.5v-2\"><\/path><\/svg>\t\t\t\t<\/a>\n\t\t\t<\/div>\n\t\t\t\n\t\t\t\t\t\t<div class=\"elementor-icon-box-content\">\n\n\t\t\t\t\t\t\t\t\t<h3 class=\"elementor-icon-box-title\">\n\t\t\t\t\t\t<a href=\"https:\/\/paranafazciencia.uvpr.pr.gov.br\/turismocientifico\/zoologicos-e-aquarios\/\" >\n\t\t\t\t\t\t\tZool\u00f3gicos <br>e Aqu\u00e1rios\t\t\t\t\t\t<\/a>\n\t\t\t\t\t<\/h3>\n\t\t\t\t\n\t\t\t\t\n\t\t\t<\/div>\n\t\t\t\n\t\t<\/div>\n\t\t\t\t\t\t<\/div>\n\t\t\t\t<\/div>\n\t\t\t\t\t<\/div>\n\t\t<\/div>\n\t\t\t\t\t<\/div>\n\t\t<\/section>\n\t\t\t\t<\/div>\n\t\t","protected":false},"excerpt":{"rendered":"<p>Turismo Cient\u00edfico Museus e Centros de Ci\u00eancias Jardins Bot\u00e2nicos e Herb\u00e1rios Bosques, Parques e Reservas Planet\u00e1rios Zool\u00f3gicos e Aqu\u00e1rios<\/p>\n","protected":false},"author":1,"featured_media":0,"parent":0,"menu_order":0,"comment_status":"closed","ping_status":"closed","template":"","meta":{"_acf_changed":false,"footnotes":""},"class_list":["post-2","page","type-page","status-publish","hentry"],"acf":[],"yoast_head":"<!-- This site is optimized with the Yoast SEO plugin v25.7 - https:\/\/yoast.com\/wordpress\/plugins\/seo\/ -->\n<title>Home - Paran\u00e1 Faz Ci\u00eancia - Turismo Cient\u00edfico<\/title>\n<meta name=\"robots\" content=\"index, follow, max-snippet:-1, max-image-preview:large, max-video-preview:-1\" \/>\n<link rel=\"canonical\" href=\"https:\/\/paranafazciencia.uvpr.pr.gov.br\/turismocientifico\/\" \/>\n<meta property=\"og:locale\" content=\"pt_BR\" \/>\n<meta property=\"og:type\" content=\"article\" \/>\n<meta property=\"og:title\" content=\"Home - Paran\u00e1 Faz Ci\u00eancia - Turismo Cient\u00edfico\" \/>\n<meta property=\"og:description\" content=\"Turismo Cient\u00edfico Museus e Centros de Ci\u00eancias Jardins Bot\u00e2nicos e Herb\u00e1rios Bosques, Parques e Reservas Planet\u00e1rios Zool\u00f3gicos e Aqu\u00e1rios\" \/>\n<meta property=\"og:url\" content=\"https:\/\/paranafazciencia.uvpr.pr.gov.br\/turismocientifico\/\" \/>\n<meta property=\"og:site_name\" content=\"Paran\u00e1 Faz Ci\u00eancia - Turismo Cient\u00edfico\" \/>\n<meta property=\"article:modified_time\" content=\"2025-02-26T18:37:08+00:00\" \/>\n<meta name=\"twitter:card\" content=\"summary_large_image\" \/>\n<script type=\"application\/ld+json\" class=\"yoast-schema-graph\">{\"@context\":\"https:\/\/schema.org\",\"@graph\":[{\"@type\":\"WebPage\",\"@id\":\"https:\/\/paranafazciencia.uvpr.pr.gov.br\/turismocientifico\/\",\"url\":\"https:\/\/paranafazciencia.uvpr.pr.gov.br\/turismocientifico\/\",\"name\":\"Home - Paran\u00e1 Faz Ci\u00eancia - Turismo Cient\u00edfico\",\"isPartOf\":{\"@id\":\"https:\/\/paranafazciencia.uvpr.pr.gov.br\/turismocientifico\/#website\"},\"datePublished\":\"2025-01-13T12:45:15+00:00\",\"dateModified\":\"2025-02-26T18:37:08+00:00\",\"breadcrumb\":{\"@id\":\"https:\/\/paranafazciencia.uvpr.pr.gov.br\/turismocientifico\/#breadcrumb\"},\"inLanguage\":\"pt-BR\",\"potentialAction\":[{\"@type\":\"ReadAction\",\"target\":[\"https:\/\/paranafazciencia.uvpr.pr.gov.br\/turismocientifico\/\"]}]},{\"@type\":\"BreadcrumbList\",\"@id\":\"https:\/\/paranafazciencia.uvpr.pr.gov.br\/turismocientifico\/#breadcrumb\",\"itemListElement\":[{\"@type\":\"ListItem\",\"position\":1,\"name\":\"In\u00edcio\",\"item\":\"https:\/\/paranafazciencia.uvpr.pr.gov.br\/turismocientifico\/\"},{\"@type\":\"ListItem\",\"position\":2,\"name\":\"Home\"}]},{\"@type\":\"WebSite\",\"@id\":\"https:\/\/paranafazciencia.uvpr.pr.gov.br\/turismocientifico\/#website\",\"url\":\"https:\/\/paranafazciencia.uvpr.pr.gov.br\/turismocientifico\/\",\"name\":\"Paran\u00e1 Faz Ci\u00eancia - Turismo Cient\u00edfico\",\"description\":\"\",\"potentialAction\":[{\"@type\":\"SearchAction\",\"target\":{\"@type\":\"EntryPoint\",\"urlTemplate\":\"https:\/\/paranafazciencia.uvpr.pr.gov.br\/turismocientifico\/?s={search_term_string}\"},\"query-input\":{\"@type\":\"PropertyValueSpecification\",\"valueRequired\":true,\"valueName\":\"search_term_string\"}}],\"inLanguage\":\"pt-BR\"}]}<\/script>\n<!-- \/ Yoast SEO plugin. -->","yoast_head_json":{"title":"Home - Paran\u00e1 Faz Ci\u00eancia - Turismo Cient\u00edfico","robots":{"index":"index","follow":"follow","max-snippet":"max-snippet:-1","max-image-preview":"max-image-preview:large","max-video-preview":"max-video-preview:-1"},"canonical":"https:\/\/paranafazciencia.uvpr.pr.gov.br\/turismocientifico\/","og_locale":"pt_BR","og_type":"article","og_title":"Home - Paran\u00e1 Faz Ci\u00eancia - Turismo Cient\u00edfico","og_description":"Turismo Cient\u00edfico Museus e Centros de Ci\u00eancias Jardins Bot\u00e2nicos e Herb\u00e1rios Bosques, Parques e Reservas Planet\u00e1rios Zool\u00f3gicos e Aqu\u00e1rios","og_url":"https:\/\/paranafazciencia.uvpr.pr.gov.br\/turismocientifico\/","og_site_name":"Paran\u00e1 Faz Ci\u00eancia - Turismo Cient\u00edfico","article_modified_time":"2025-02-26T18:37:08+00:00","twitter_card":"summary_large_image","schema":{"@context":"https:\/\/schema.org","@graph":[{"@type":"WebPage","@id":"https:\/\/paranafazciencia.uvpr.pr.gov.br\/turismocientifico\/","url":"https:\/\/paranafazciencia.uvpr.pr.gov.br\/turismocientifico\/","name":"Home - Paran\u00e1 Faz Ci\u00eancia - Turismo Cient\u00edfico","isPartOf":{"@id":"https:\/\/paranafazciencia.uvpr.pr.gov.br\/turismocientifico\/#website"},"datePublished":"2025-01-13T12:45:15+00:00","dateModified":"2025-02-26T18:37:08+00:00","breadcrumb":{"@id":"https:\/\/paranafazciencia.uvpr.pr.gov.br\/turismocientifico\/#breadcrumb"},"inLanguage":"pt-BR","potentialAction":[{"@type":"ReadAction","target":["https:\/\/paranafazciencia.uvpr.pr.gov.br\/turismocientifico\/"]}]},{"@type":"BreadcrumbList","@id":"https:\/\/paranafazciencia.uvpr.pr.gov.br\/turismocientifico\/#breadcrumb","itemListElement":[{"@type":"ListItem","position":1,"name":"In\u00edcio","item":"https:\/\/paranafazciencia.uvpr.pr.gov.br\/turismocientifico\/"},{"@type":"ListItem","position":2,"name":"Home"}]},{"@type":"WebSite","@id":"https:\/\/paranafazciencia.uvpr.pr.gov.br\/turismocientifico\/#website","url":"https:\/\/paranafazciencia.uvpr.pr.gov.br\/turismocientifico\/","name":"Paran\u00e1 Faz Ci\u00eancia - Turismo Cient\u00edfico","description":"","potentialAction":[{"@type":"SearchAction","target":{"@type":"EntryPoint","urlTemplate":"https:\/\/paranafazciencia.uvpr.pr.gov.br\/turismocientifico\/?s={search_term_string}"},"query-input":{"@type":"PropertyValueSpecification","valueRequired":true,"valueName":"search_term_string"}}],"inLanguage":"pt-BR"}]}},"_links":{"self":[{"href":"https:\/\/paranafazciencia.uvpr.pr.gov.br\/turismocientifico\/wp-json\/wp\/v2\/pages\/2","targetHints":{"allow":["GET"]}}],"collection":[{"href":"https:\/\/paranafazciencia.uvpr.pr.gov.br\/turismocientifico\/wp-json\/wp\/v2\/pages"}],"about":[{"href":"https:\/\/paranafazciencia.uvpr.pr.gov.br\/turismocientifico\/wp-json\/wp\/v2\/types\/page"}],"author":[{"embeddable":true,"href":"https:\/\/paranafazciencia.uvpr.pr.gov.br\/turismocientifico\/wp-json\/wp\/v2\/users\/1"}],"replies":[{"embeddable":true,"href":"https:\/\/paranafazciencia.uvpr.pr.gov.br\/turismocientifico\/wp-json\/wp\/v2\/comments?post=2"}],"version-history":[{"count":12,"href":"https:\/\/paranafazciencia.uvpr.pr.gov.br\/turismocientifico\/wp-json\/wp\/v2\/pages\/2\/revisions"}],"predecessor-version":[{"id":2458,"href":"https:\/\/paranafazciencia.uvpr.pr.gov.br\/turismocientifico\/wp-json\/wp\/v2\/pages\/2\/revisions\/2458"}],"wp:attachment":[{"href":"https:\/\/paranafazciencia.uvpr.pr.gov.br\/turismocientifico\/wp-json\/wp\/v2\/media?parent=2"}],"curies":[{"name":"wp","href":"https:\/\/api.w.org\/{rel}","templated":true}]}}